{"id":83746,"date":"2025-01-21T14:45:29","date_gmt":"2025-08-27T10:54:01","guid":{"rendered":"https:\/\/ilovecupcakes.co.il\/product\/vanilla-creme-brulee\/"},"modified":"2025-10-25T18:50:51","modified_gmt":"2025-10-25T15:50:51","slug":"vanilla-creme-brulee","status":"publish","type":"product","link":"https:\/\/ilovecupcakes.co.il\/en\/product\/vanilla-creme-brulee\/","title":{"rendered":"Vanilla Cr\u00e8me Br\u00fbl\u00e9e"},"content":{"rendered":"<p>The brulee that starts every sweet story \u2013 classic vanilla in all its glory. Smooth and delicate cream with a fine vanilla aroma and a perfect caramel layer because sometimes, classic is simply the best.<\/p>\n","protected":false},"excerpt":{"rendered":"<p>The brulee that starts every sweet story \u2013 classic vanilla in all its glory. Smooth and delicate cream with a fine vanilla aroma and a perfect caramel layer because sometimes, classic is simply the best.<\/p>\n","protected":false},"featured_media":79348,"template":"","meta":{"_acf_changed":false},"product_cat":[95],"product_tag":[],"class_list":{"0":"post-83746","1":"product","2":"type-product","3":"status-publish","4":"has-post-thumbnail","6":"product_cat-brula","7":"wcpa_has_options","9":"first","10":"instock","11":"shipping-taxable","12":"purchasable","13":"product-type-simple"},"acf":[],"yoast_head":"<!-- This site is optimized with the Yoast SEO plugin v23.4 - https:\/\/yoast.com\/wordpress\/plugins\/seo\/ -->\n<title>Vanilla Cr\u00e8me Br\u00fbl\u00e9e - I Love Cupcakes<\/title>\n<meta name=\"description\" content=\"The brulee that starts every sweet story \u2013 classic vanilla in all its glory. Smooth and delicate cream with a fine vanilla aroma and a perfect caramel\" \/>\n<meta name=\"robots\" content=\"index, follow, max-snippet:-1, max-image-preview:large, max-video-preview:-1\" \/>\n<link rel=\"canonical\" href=\"https:\/\/ilovecupcakes.co.il\/en\/product\/vanilla-creme-brulee\/\" \/>\n<meta property=\"og:locale\" content=\"en_US\" \/>\n<meta property=\"og:type\" content=\"article\" \/>\n<meta property=\"og:title\" content=\"Vanilla Cr\u00e8me Br\u00fbl\u00e9e - I Love Cupcakes\" \/>\n<meta property=\"og:description\" content=\"The brulee that starts every sweet story \u2013 classic vanilla in all its glory. Smooth and delicate cream with a fine vanilla aroma and a perfect caramel\" \/>\n<meta property=\"og:url\" content=\"https:\/\/ilovecupcakes.co.il\/en\/product\/vanilla-creme-brulee\/\" \/>\n<meta property=\"og:site_name\" content=\"I Love Cupcakes\" \/>\n<meta property=\"article:publisher\" content=\"https:\/\/www.facebook.com\/ilovecupcakes.co.il\/\" \/>\n<meta property=\"article:modified_time\" content=\"2025-10-25T15:50:51+00:00\" \/>\n<meta property=\"og:image\" content=\"https:\/\/ilovecupcakes.co.il\/wp-content\/uploads\/2025\/01\/-\u05d5\u05e0\u05d9\u05dc-e1737465416720.png\" \/>\n\t<meta property=\"og:image:width\" content=\"688\" \/>\n\t<meta property=\"og:image:height\" content=\"688\" \/>\n\t<meta property=\"og:image:type\" content=\"image\/png\" \/>\n<meta name=\"twitter:card\" content=\"summary_large_image\" \/>\n<meta name=\"twitter:label1\" content=\"Est. reading time\" \/>\n\t<meta name=\"twitter:data1\" content=\"1 minute\" \/>\n<script type=\"application\/ld+json\" class=\"yoast-schema-graph\">{\"@context\":\"https:\/\/schema.org\",\"@graph\":[{\"@type\":\"WebPage\",\"@id\":\"https:\/\/ilovecupcakes.co.il\/en\/product\/vanilla-creme-brulee\/\",\"url\":\"https:\/\/ilovecupcakes.co.il\/en\/product\/vanilla-creme-brulee\/\",\"name\":\"Vanilla Cr\u00e8me Br\u00fbl\u00e9e - I Love Cupcakes\",\"isPartOf\":{\"@id\":\"https:\/\/ilovecupcakes.co.il\/#website\"},\"primaryImageOfPage\":{\"@id\":\"https:\/\/ilovecupcakes.co.il\/en\/product\/vanilla-creme-brulee\/#primaryimage\"},\"image\":{\"@id\":\"https:\/\/ilovecupcakes.co.il\/en\/product\/vanilla-creme-brulee\/#primaryimage\"},\"thumbnailUrl\":\"https:\/\/ilovecupcakes.co.il\/wp-content\/uploads\/2025\/01\/-\u05d5\u05e0\u05d9\u05dc-e1737465416720.png\",\"datePublished\":\"2025-08-27T10:54:01+00:00\",\"dateModified\":\"2025-10-25T15:50:51+00:00\",\"description\":\"The brulee that starts every sweet story \u2013 classic vanilla in all its glory. Smooth and delicate cream with a fine vanilla aroma and a perfect caramel\",\"breadcrumb\":{\"@id\":\"https:\/\/ilovecupcakes.co.il\/en\/product\/vanilla-creme-brulee\/#breadcrumb\"},\"inLanguage\":\"en-US\",\"potentialAction\":[{\"@type\":\"ReadAction\",\"target\":[\"https:\/\/ilovecupcakes.co.il\/en\/product\/vanilla-creme-brulee\/\"]}]},{\"@type\":\"ImageObject\",\"inLanguage\":\"en-US\",\"@id\":\"https:\/\/ilovecupcakes.co.il\/en\/product\/vanilla-creme-brulee\/#primaryimage\",\"url\":\"https:\/\/ilovecupcakes.co.il\/wp-content\/uploads\/2025\/01\/-\u05d5\u05e0\u05d9\u05dc-e1737465416720.png\",\"contentUrl\":\"https:\/\/ilovecupcakes.co.il\/wp-content\/uploads\/2025\/01\/-\u05d5\u05e0\u05d9\u05dc-e1737465416720.png\",\"width\":688,\"height\":688},{\"@type\":\"BreadcrumbList\",\"@id\":\"https:\/\/ilovecupcakes.co.il\/en\/product\/vanilla-creme-brulee\/#breadcrumb\",\"itemListElement\":[{\"@type\":\"ListItem\",\"position\":1,\"name\":\"Home\",\"item\":\"https:\/\/ilovecupcakes.co.il\/en\/\"},{\"@type\":\"ListItem\",\"position\":2,\"name\":\"Shop\",\"item\":\"https:\/\/ilovecupcakes.co.il\/en\/shop\/\"},{\"@type\":\"ListItem\",\"position\":3,\"name\":\"Vanilla Cr\u00e8me Br\u00fbl\u00e9e\"}]},{\"@type\":\"WebSite\",\"@id\":\"https:\/\/ilovecupcakes.co.il\/#website\",\"url\":\"https:\/\/ilovecupcakes.co.il\/\",\"name\":\"I Love Cupcakes\",\"description\":\"Cupcakes - Cakes - Treats - Balloons - Events\",\"publisher\":{\"@id\":\"https:\/\/ilovecupcakes.co.il\/#organization\"},\"potentialAction\":[{\"@type\":\"SearchAction\",\"target\":{\"@type\":\"EntryPoint\",\"urlTemplate\":\"https:\/\/ilovecupcakes.co.il\/?s={search_term_string}\"},\"query-input\":{\"@type\":\"PropertyValueSpecification\",\"valueRequired\":true,\"valueName\":\"search_term_string\"}}],\"inLanguage\":\"en-US\"},{\"@type\":\"Organization\",\"@id\":\"https:\/\/ilovecupcakes.co.il\/#organization\",\"name\":\"I Love Cupcakes\",\"url\":\"https:\/\/ilovecupcakes.co.il\/\",\"logo\":{\"@type\":\"ImageObject\",\"inLanguage\":\"en-US\",\"@id\":\"https:\/\/ilovecupcakes.co.il\/#\/schema\/logo\/image\/\",\"url\":\"https:\/\/ilovecupcakes.co.il\/wp-content\/uploads\/2024\/11\/Cupcakes-logo.svg\",\"contentUrl\":\"https:\/\/ilovecupcakes.co.il\/wp-content\/uploads\/2024\/11\/Cupcakes-logo.svg\",\"width\":255,\"height\":238,\"caption\":\"I Love Cupcakes\"},\"image\":{\"@id\":\"https:\/\/ilovecupcakes.co.il\/#\/schema\/logo\/image\/\"},\"sameAs\":[\"https:\/\/www.facebook.com\/ilovecupcakes.co.il\/\",\"https:\/\/www.instagram.com\/ilovecupcakes_tlv\/\"]}]}<\/script>\n<!-- \/ Yoast SEO plugin. -->","yoast_head_json":{"title":"Vanilla Cr\u00e8me Br\u00fbl\u00e9e - I Love Cupcakes","description":"The brulee that starts every sweet story \u2013 classic vanilla in all its glory. Smooth and delicate cream with a fine vanilla aroma and a perfect caramel","robots":{"index":"index","follow":"follow","max-snippet":"max-snippet:-1","max-image-preview":"max-image-preview:large","max-video-preview":"max-video-preview:-1"},"canonical":"https:\/\/ilovecupcakes.co.il\/en\/product\/vanilla-creme-brulee\/","og_locale":"en_US","og_type":"article","og_title":"Vanilla Cr\u00e8me Br\u00fbl\u00e9e - I Love Cupcakes","og_description":"The brulee that starts every sweet story \u2013 classic vanilla in all its glory. Smooth and delicate cream with a fine vanilla aroma and a perfect caramel","og_url":"https:\/\/ilovecupcakes.co.il\/en\/product\/vanilla-creme-brulee\/","og_site_name":"I Love Cupcakes","article_publisher":"https:\/\/www.facebook.com\/ilovecupcakes.co.il\/","article_modified_time":"2025-10-25T15:50:51+00:00","og_image":[{"width":688,"height":688,"url":"https:\/\/ilovecupcakes.co.il\/wp-content\/uploads\/2025\/01\/-\u05d5\u05e0\u05d9\u05dc-e1737465416720.png","type":"image\/png"}],"twitter_card":"summary_large_image","twitter_misc":{"Est. reading time":"1 minute"},"schema":{"@context":"https:\/\/schema.org","@graph":[{"@type":"WebPage","@id":"https:\/\/ilovecupcakes.co.il\/en\/product\/vanilla-creme-brulee\/","url":"https:\/\/ilovecupcakes.co.il\/en\/product\/vanilla-creme-brulee\/","name":"Vanilla Cr\u00e8me Br\u00fbl\u00e9e - I Love Cupcakes","isPartOf":{"@id":"https:\/\/ilovecupcakes.co.il\/#website"},"primaryImageOfPage":{"@id":"https:\/\/ilovecupcakes.co.il\/en\/product\/vanilla-creme-brulee\/#primaryimage"},"image":{"@id":"https:\/\/ilovecupcakes.co.il\/en\/product\/vanilla-creme-brulee\/#primaryimage"},"thumbnailUrl":"https:\/\/ilovecupcakes.co.il\/wp-content\/uploads\/2025\/01\/-\u05d5\u05e0\u05d9\u05dc-e1737465416720.png","datePublished":"2025-08-27T10:54:01+00:00","dateModified":"2025-10-25T15:50:51+00:00","description":"The brulee that starts every sweet story \u2013 classic vanilla in all its glory. Smooth and delicate cream with a fine vanilla aroma and a perfect caramel","breadcrumb":{"@id":"https:\/\/ilovecupcakes.co.il\/en\/product\/vanilla-creme-brulee\/#breadcrumb"},"inLanguage":"en-US","potentialAction":[{"@type":"ReadAction","target":["https:\/\/ilovecupcakes.co.il\/en\/product\/vanilla-creme-brulee\/"]}]},{"@type":"ImageObject","inLanguage":"en-US","@id":"https:\/\/ilovecupcakes.co.il\/en\/product\/vanilla-creme-brulee\/#primaryimage","url":"https:\/\/ilovecupcakes.co.il\/wp-content\/uploads\/2025\/01\/-\u05d5\u05e0\u05d9\u05dc-e1737465416720.png","contentUrl":"https:\/\/ilovecupcakes.co.il\/wp-content\/uploads\/2025\/01\/-\u05d5\u05e0\u05d9\u05dc-e1737465416720.png","width":688,"height":688},{"@type":"BreadcrumbList","@id":"https:\/\/ilovecupcakes.co.il\/en\/product\/vanilla-creme-brulee\/#breadcrumb","itemListElement":[{"@type":"ListItem","position":1,"name":"Home","item":"https:\/\/ilovecupcakes.co.il\/en\/"},{"@type":"ListItem","position":2,"name":"Shop","item":"https:\/\/ilovecupcakes.co.il\/en\/shop\/"},{"@type":"ListItem","position":3,"name":"Vanilla Cr\u00e8me Br\u00fbl\u00e9e"}]},{"@type":"WebSite","@id":"https:\/\/ilovecupcakes.co.il\/#website","url":"https:\/\/ilovecupcakes.co.il\/","name":"I Love Cupcakes","description":"Cupcakes - Cakes - Treats - Balloons - Events","publisher":{"@id":"https:\/\/ilovecupcakes.co.il\/#organization"},"potentialAction":[{"@type":"SearchAction","target":{"@type":"EntryPoint","urlTemplate":"https:\/\/ilovecupcakes.co.il\/?s={search_term_string}"},"query-input":{"@type":"PropertyValueSpecification","valueRequired":true,"valueName":"search_term_string"}}],"inLanguage":"en-US"},{"@type":"Organization","@id":"https:\/\/ilovecupcakes.co.il\/#organization","name":"I Love Cupcakes","url":"https:\/\/ilovecupcakes.co.il\/","logo":{"@type":"ImageObject","inLanguage":"en-US","@id":"https:\/\/ilovecupcakes.co.il\/#\/schema\/logo\/image\/","url":"https:\/\/ilovecupcakes.co.il\/wp-content\/uploads\/2024\/11\/Cupcakes-logo.svg","contentUrl":"https:\/\/ilovecupcakes.co.il\/wp-content\/uploads\/2024\/11\/Cupcakes-logo.svg","width":255,"height":238,"caption":"I Love Cupcakes"},"image":{"@id":"https:\/\/ilovecupcakes.co.il\/#\/schema\/logo\/image\/"},"sameAs":["https:\/\/www.facebook.com\/ilovecupcakes.co.il\/","https:\/\/www.instagram.com\/ilovecupcakes_tlv\/"]}]}},"_links":{"self":[{"href":"https:\/\/ilovecupcakes.co.il\/en\/wp-json\/wp\/v2\/product\/83746"}],"collection":[{"href":"https:\/\/ilovecupcakes.co.il\/en\/wp-json\/wp\/v2\/product"}],"about":[{"href":"https:\/\/ilovecupcakes.co.il\/en\/wp-json\/wp\/v2\/types\/product"}],"wp:featuredmedia":[{"embeddable":true,"href":"https:\/\/ilovecupcakes.co.il\/en\/wp-json\/wp\/v2\/media\/79348"}],"wp:attachment":[{"href":"https:\/\/ilovecupcakes.co.il\/en\/wp-json\/wp\/v2\/media?parent=83746"}],"wp:term":[{"taxonomy":"product_cat","embeddable":true,"href":"https:\/\/ilovecupcakes.co.il\/en\/wp-json\/wp\/v2\/product_cat?post=83746"},{"taxonomy":"product_tag","embeddable":true,"href":"https:\/\/ilovecupcakes.co.il\/en\/wp-json\/wp\/v2\/product_tag?post=83746"}],"curies":[{"name":"wp","href":"https:\/\/api.w.org\/{rel}","templated":true}]}}